{"id":39499,"date":"2024-11-17T14:28:24","date_gmt":"2024-11-17T19:28:24","guid":{"rendered":"https:\/\/zaziltunich.com.mx\/?post_type=product&#038;p=39499"},"modified":"2025-06-17T12:00:47","modified_gmt":"2025-06-17T18:00:47","slug":"cenote-museo","status":"publish","type":"product","link":"https:\/\/zaziltunich.com.mx\/en\/reservaciones\/cenote-museo\/","title":{"rendered":"Cenote Museum"},"content":{"rendered":"<p><span style=\"font-weight: 400;\">The Maya Underworld experience is a personalized guided tour that includes the Maya Ceremony for free from Wednesday to Sunday.<\/span><\/p>\n<p><span style=\"font-weight: 400;\">\u00a0In this experience, you will enjoy a guided tour through a place rich in history, where significant events of Maya culture took place, and where the stones tell their story. You will learn about Maya mythology through the Legend of Xibalb\u00e1 and its 9 levels to the Maya Underworld, accompanied by our guide. In level 7, you will take part in a Maya Purification Ceremony with a local Shaman, and then descend to the eighth and ninth levels of the Maya Underworld. After your purification, you will be able to immerse yourself in the crystal-clear waters of a sacred cenote.<\/span><\/p>\n<p><span style=\"font-weight: 400;\">On the Maya Underworld tour, you will experience:<\/span><\/p>\n<ul>\n<li style=\"font-weight: 400;\"><span style=\"font-weight: 400;\">A guided tour with a limited group of 20 people.\u00a0<\/span><\/li>\n<li style=\"font-weight: 400;\"><span style=\"font-weight: 400;\">Maya Ceremony. (Not available on Tuesdays).<\/span><\/li>\n<li style=\"font-weight: 400;\"><span style=\"font-weight: 400;\">Swimming in cenote.<\/span><\/li>\n<li>If transportation is required, the departure is from the city of Valladolid.<\/li>\n<\/ul>","protected":false},"excerpt":{"rendered":"<p>Recorrido todos los d\u00edas en los horarios:\u00a0 <b>15:00 hr, 17:00 hr y 19:00 hr.<br \/>\n<\/b><br \/>\nRecorrido SIN COMIDA.<\/p>\n<p>Para vivir la Experiencia los EXPLORADORES deben realizar su reservaci\u00f3n, cada recorrido es de grupos m\u00e1ximos de 20 personas, que permitir\u00e1 vivir y disfrutar el recorrido, as\u00ed como nadar en nuestro Cenote de aguas poco profundas, en un ambiente de exclusividad.<\/p>\n<p><b>TIPS:<\/b><br \/>\n-Zapatos o sandalias para agua<br \/>\n-Toallas<br \/>\n-Repelente y bloqueador Biodegradable<br \/>\n\u2013 No se permite introducir: Alimentos y Bebidas<\/p>\n<p>&#8211; Si se requiere transportaci\u00f3n, la salida es desde la ciudad de Valladolid<\/p>","protected":false},"featured_media":39152,"comment_status":"closed","ping_status":"closed","template":"","meta":{"_joinchat":[]},"product_brand":[],"product_cat":[26],"product_tag":[],"class_list":{"0":"post-39499","1":"product","2":"type-product","3":"status-publish","4":"has-post-thumbnail","6":"product_cat-experiencias","8":"first","9":"instock","10":"virtual","11":"sold-individually","12":"purchasable","13":"product-type-booking"},"exclude_global_add_ons":false,"addons":[{"name":"Donation","type":"multiple_choice","position":0,"required":true,"title_format":"label","description_enable":true,"description":"ONG Single Maya Mothers","placeholder_enable":false,"placeholder":"","display":"select","restrictions_type":"any_text","adjust_price":false,"price":"","price_type":"flat_fee","restrictions":false,"min":0,"max":0,"options":[{"label":"No donar","price":"","price_type":"flat_fee","image":0},{"label":"Donar 50","price":"50","price_type":"flat_fee","image":0},{"label":"Donar 100","price":"100","price_type":"flat_fee","image":0},{"label":"Donar 200","price":"200","price_type":"flat_fee","image":0},{"label":"Donar 500","price":"500","price_type":"flat_fee","image":0}],"id":1730228052},{"name":"Idioma","type":"multiple_choice","position":0,"required":true,"title_format":"label","description_enable":true,"description":"Seleccione el Idioma del Tour","placeholder_enable":false,"placeholder":"","display":"select","restrictions_type":"any_text","adjust_price":false,"price":"","price_type":"flat_fee","restrictions":false,"min":0,"max":0,"options":[{"label":"Espa\u00f1ol","price":"","price_type":"flat_fee","image":0},{"label":"Ingles","price":"","price_type":"flat_fee","image":0}],"id":1730228116},{"name":"Transport","type":"multiple_choice","position":0,"required":true,"title_format":"label","description_enable":true,"description":"From the city of Valladolid","placeholder_enable":false,"placeholder":"","display":"select","restrictions_type":"any_text","adjust_price":false,"price":"","price_type":"flat_fee","restrictions":false,"min":0,"max":0,"options":[{"label":"Sin requerir","price":"","price_type":"flat_fee","image":0},{"label":"2 pax","price":"800","price_type":"flat_fee","image":0},{"label":"3 pax","price":"800","price_type":"flat_fee","image":0},{"label":"4 pax","price":"800","price_type":"flat_fee","image":0},{"label":"5 pax","price":"1200","price_type":"flat_fee","image":0},{"label":"6 pax","price":"1200","price_type":"flat_fee","image":0},{"label":"7 pax","price":"1400","price_type":"flat_fee","image":0},{"label":"8 pax","price":"1600","price_type":"flat_fee","image":0},{"label":"9 pax","price":"1800","price_type":"flat_fee","image":0},{"label":"10 pax","price":"2000","price_type":"flat_fee","image":0}],"id":1730227955}],"yoast_head":"<!-- This site is optimized with the Yoast SEO Premium plugin v22.8 (Yoast SEO v25.3.1) - https:\/\/yoast.com\/wordpress\/plugins\/seo\/ -->\n<title>Cenote museo - Zazil Tunich - Cenote mas Premiado de Yucat\u00e1n<\/title>\n<meta name=\"robots\" content=\"index, follow, max-snippet:-1, max-image-preview:large, max-video-preview:-1\" \/>\n<link rel=\"canonical\" href=\"https:\/\/zaziltunich.com.mx\/en\/reservaciones\/cenote-museo\/\" \/>\n<meta property=\"og:locale\" content=\"en_US\" \/>\n<meta property=\"og:type\" content=\"article\" \/>\n<meta property=\"og:title\" content=\"Cenote museo\" \/>\n<meta property=\"og:description\" content=\"Recorrido todos los d\u00edas en los horarios:\u00a0 15:00 hr, 17:00 hr y 19:00 hr.  Recorrido SIN COMIDA.  Para vivir la Experiencia los EXPLORADORES deben realizar su reservaci\u00f3n, cada recorrido es de grupos m\u00e1ximos de 20 personas, que permitir\u00e1 vivir y disfrutar el recorrido, as\u00ed como nadar en nuestro Cenote de aguas poco profundas, en un ambiente de exclusividad.  TIPS: -Zapatos o sandalias para agua -Toallas -Repelente y bloqueador Biodegradable \u2013 No se permite introducir: Alimentos y Bebidas  - Si se requiere transportaci\u00f3n, la salida es desde la ciudad de Valladolid\" \/>\n<meta property=\"og:url\" content=\"https:\/\/zaziltunich.com.mx\/en\/reservaciones\/cenote-museo\/\" \/>\n<meta property=\"og:site_name\" content=\"Zazil Tunich - Cenote mas Premiado de Yucat\u00e1n\" \/>\n<meta property=\"article:modified_time\" content=\"2025-06-17T18:00:47+00:00\" \/>\n<meta property=\"og:image\" content=\"https:\/\/zaziltunich.com.mx\/wp-content\/uploads\/2024\/11\/@evamaria_pas.png\" \/>\n\t<meta property=\"og:image:width\" content=\"1548\" \/>\n\t<meta property=\"og:image:height\" content=\"1940\" \/>\n\t<meta property=\"og:image:type\" content=\"image\/png\" \/>\n<meta name=\"twitter:card\" content=\"summary_large_image\" \/>\n<meta name=\"twitter:label1\" content=\"Est. reading time\" \/>\n\t<meta name=\"twitter:data1\" content=\"1 minute\" \/>\n<script type=\"application\/ld+json\" class=\"yoast-schema-graph\">{\"@context\":\"https:\/\/schema.org\",\"@graph\":[{\"@type\":\"WebPage\",\"@id\":\"https:\/\/zaziltunich.com.mx\/reservaciones\/cenote-museo\/\",\"url\":\"https:\/\/zaziltunich.com.mx\/reservaciones\/cenote-museo\/\",\"name\":\"Cenote museo - Zazil Tunich - Cenote mas Premiado de Yucat\u00e1n\",\"isPartOf\":{\"@id\":\"https:\/\/zaziltunich.com.mx\/#website\"},\"primaryImageOfPage\":{\"@id\":\"https:\/\/zaziltunich.com.mx\/reservaciones\/cenote-museo\/#primaryimage\"},\"image\":{\"@id\":\"https:\/\/zaziltunich.com.mx\/reservaciones\/cenote-museo\/#primaryimage\"},\"thumbnailUrl\":\"https:\/\/zaziltunich.com.mx\/wp-content\/uploads\/2024\/11\/@evamaria_pas.png\",\"datePublished\":\"2024-11-17T19:28:24+00:00\",\"dateModified\":\"2025-06-17T18:00:47+00:00\",\"breadcrumb\":{\"@id\":\"https:\/\/zaziltunich.com.mx\/reservaciones\/cenote-museo\/#breadcrumb\"},\"inLanguage\":\"en-US\",\"potentialAction\":[{\"@type\":\"ReadAction\",\"target\":[\"https:\/\/zaziltunich.com.mx\/reservaciones\/cenote-museo\/\"]}]},{\"@type\":\"ImageObject\",\"inLanguage\":\"en-US\",\"@id\":\"https:\/\/zaziltunich.com.mx\/reservaciones\/cenote-museo\/#primaryimage\",\"url\":\"https:\/\/zaziltunich.com.mx\/wp-content\/uploads\/2024\/11\/@evamaria_pas.png\",\"contentUrl\":\"https:\/\/zaziltunich.com.mx\/wp-content\/uploads\/2024\/11\/@evamaria_pas.png\",\"width\":1548,\"height\":1940},{\"@type\":\"BreadcrumbList\",\"@id\":\"https:\/\/zaziltunich.com.mx\/reservaciones\/cenote-museo\/#breadcrumb\",\"itemListElement\":[{\"@type\":\"ListItem\",\"position\":1,\"name\":\"Inicio\",\"item\":\"https:\/\/zaziltunich.com.mx\/\"},{\"@type\":\"ListItem\",\"position\":2,\"name\":\"Reservaciones\",\"item\":\"https:\/\/zaziltunich.com.mx\/reservaciones\/\"},{\"@type\":\"ListItem\",\"position\":3,\"name\":\"Cenote museo\"}]},{\"@type\":\"WebSite\",\"@id\":\"https:\/\/zaziltunich.com.mx\/#website\",\"url\":\"https:\/\/zaziltunich.com.mx\/\",\"name\":\"Zazil Tunich - Cenote mas Premiado de Yucat\u00e1n\",\"description\":\"Cenote en Valladolid, Zazil Tunich el \u00fanico Cenote Museo de M\u00e9xico y m\u00e1s premiado de Yucat\u00e1n, donde conocer\u00e1s la estalactita mas grande de Yucatan, una experiencia \u00fanica sin turismo masivo.\",\"publisher\":{\"@id\":\"https:\/\/zaziltunich.com.mx\/#organization\"},\"potentialAction\":[{\"@type\":\"SearchAction\",\"target\":{\"@type\":\"EntryPoint\",\"urlTemplate\":\"https:\/\/zaziltunich.com.mx\/?s={search_term_string}\"},\"query-input\":{\"@type\":\"PropertyValueSpecification\",\"valueRequired\":true,\"valueName\":\"search_term_string\"}}],\"inLanguage\":\"en-US\"},{\"@type\":\"Organization\",\"@id\":\"https:\/\/zaziltunich.com.mx\/#organization\",\"name\":\"Zazil Tunich - Cenote mas Premiado de Yucat\u00e1n\",\"url\":\"https:\/\/zaziltunich.com.mx\/\",\"logo\":{\"@type\":\"ImageObject\",\"inLanguage\":\"en-US\",\"@id\":\"https:\/\/zaziltunich.com.mx\/#\/schema\/logo\/image\/\",\"url\":\"https:\/\/zaziltunich.com.mx\/wp-content\/uploads\/2024\/10\/logo-scaled.webp\",\"contentUrl\":\"https:\/\/zaziltunich.com.mx\/wp-content\/uploads\/2024\/10\/logo-scaled.webp\",\"width\":2560,\"height\":2560,\"caption\":\"Zazil Tunich - Cenote mas Premiado de Yucat\u00e1n\"},\"image\":{\"@id\":\"https:\/\/zaziltunich.com.mx\/#\/schema\/logo\/image\/\"}}]}<\/script>\n<!-- \/ Yoast SEO Premium plugin. -->","yoast_head_json":{"title":"Cenote museo - Zazil Tunich - Cenote mas Premiado de Yucat\u00e1n","robots":{"index":"index","follow":"follow","max-snippet":"max-snippet:-1","max-image-preview":"max-image-preview:large","max-video-preview":"max-video-preview:-1"},"canonical":"https:\/\/zaziltunich.com.mx\/en\/reservaciones\/cenote-museo\/","og_locale":"en_US","og_type":"article","og_title":"Cenote museo","og_description":"Recorrido todos los d\u00edas en los horarios:\u00a0 15:00 hr, 17:00 hr y 19:00 hr.  Recorrido SIN COMIDA.  Para vivir la Experiencia los EXPLORADORES deben realizar su reservaci\u00f3n, cada recorrido es de grupos m\u00e1ximos de 20 personas, que permitir\u00e1 vivir y disfrutar el recorrido, as\u00ed como nadar en nuestro Cenote de aguas poco profundas, en un ambiente de exclusividad.  TIPS: -Zapatos o sandalias para agua -Toallas -Repelente y bloqueador Biodegradable \u2013 No se permite introducir: Alimentos y Bebidas  - Si se requiere transportaci\u00f3n, la salida es desde la ciudad de Valladolid","og_url":"https:\/\/zaziltunich.com.mx\/en\/reservaciones\/cenote-museo\/","og_site_name":"Zazil Tunich - Cenote mas Premiado de Yucat\u00e1n","article_modified_time":"2025-06-17T18:00:47+00:00","og_image":[{"width":1548,"height":1940,"url":"https:\/\/zaziltunich.com.mx\/wp-content\/uploads\/2024\/11\/@evamaria_pas.png","type":"image\/png"}],"twitter_card":"summary_large_image","twitter_misc":{"Est. reading time":"1 minute"},"schema":{"@context":"https:\/\/schema.org","@graph":[{"@type":"WebPage","@id":"https:\/\/zaziltunich.com.mx\/reservaciones\/cenote-museo\/","url":"https:\/\/zaziltunich.com.mx\/reservaciones\/cenote-museo\/","name":"Cenote museo - Zazil Tunich - Cenote mas Premiado de Yucat\u00e1n","isPartOf":{"@id":"https:\/\/zaziltunich.com.mx\/#website"},"primaryImageOfPage":{"@id":"https:\/\/zaziltunich.com.mx\/reservaciones\/cenote-museo\/#primaryimage"},"image":{"@id":"https:\/\/zaziltunich.com.mx\/reservaciones\/cenote-museo\/#primaryimage"},"thumbnailUrl":"https:\/\/zaziltunich.com.mx\/wp-content\/uploads\/2024\/11\/@evamaria_pas.png","datePublished":"2024-11-17T19:28:24+00:00","dateModified":"2025-06-17T18:00:47+00:00","breadcrumb":{"@id":"https:\/\/zaziltunich.com.mx\/reservaciones\/cenote-museo\/#breadcrumb"},"inLanguage":"en-US","potentialAction":[{"@type":"ReadAction","target":["https:\/\/zaziltunich.com.mx\/reservaciones\/cenote-museo\/"]}]},{"@type":"ImageObject","inLanguage":"en-US","@id":"https:\/\/zaziltunich.com.mx\/reservaciones\/cenote-museo\/#primaryimage","url":"https:\/\/zaziltunich.com.mx\/wp-content\/uploads\/2024\/11\/@evamaria_pas.png","contentUrl":"https:\/\/zaziltunich.com.mx\/wp-content\/uploads\/2024\/11\/@evamaria_pas.png","width":1548,"height":1940},{"@type":"BreadcrumbList","@id":"https:\/\/zaziltunich.com.mx\/reservaciones\/cenote-museo\/#breadcrumb","itemListElement":[{"@type":"ListItem","position":1,"name":"Inicio","item":"https:\/\/zaziltunich.com.mx\/"},{"@type":"ListItem","position":2,"name":"Reservaciones","item":"https:\/\/zaziltunich.com.mx\/reservaciones\/"},{"@type":"ListItem","position":3,"name":"Cenote museo"}]},{"@type":"WebSite","@id":"https:\/\/zaziltunich.com.mx\/#website","url":"https:\/\/zaziltunich.com.mx\/","name":"Zazil Tunich - Cenote mas Premiado de Yucat\u00e1n","description":"Cenote en Valladolid, Zazil Tunich el \u00fanico Cenote Museo de M\u00e9xico y m\u00e1s premiado de Yucat\u00e1n, donde conocer\u00e1s la estalactita mas grande de Yucatan, una experiencia \u00fanica sin turismo masivo.","publisher":{"@id":"https:\/\/zaziltunich.com.mx\/#organization"},"potentialAction":[{"@type":"SearchAction","target":{"@type":"EntryPoint","urlTemplate":"https:\/\/zaziltunich.com.mx\/?s={search_term_string}"},"query-input":{"@type":"PropertyValueSpecification","valueRequired":true,"valueName":"search_term_string"}}],"inLanguage":"en-US"},{"@type":"Organization","@id":"https:\/\/zaziltunich.com.mx\/#organization","name":"Zazil Tunich - Cenote mas Premiado de Yucat\u00e1n","url":"https:\/\/zaziltunich.com.mx\/","logo":{"@type":"ImageObject","inLanguage":"en-US","@id":"https:\/\/zaziltunich.com.mx\/#\/schema\/logo\/image\/","url":"https:\/\/zaziltunich.com.mx\/wp-content\/uploads\/2024\/10\/logo-scaled.webp","contentUrl":"https:\/\/zaziltunich.com.mx\/wp-content\/uploads\/2024\/10\/logo-scaled.webp","width":2560,"height":2560,"caption":"Zazil Tunich - Cenote mas Premiado de Yucat\u00e1n"},"image":{"@id":"https:\/\/zaziltunich.com.mx\/#\/schema\/logo\/image\/"}}]}},"_links":{"self":[{"href":"https:\/\/zaziltunich.com.mx\/en\/wp-json\/wp\/v2\/product\/39499"}],"collection":[{"href":"https:\/\/zaziltunich.com.mx\/en\/wp-json\/wp\/v2\/product"}],"about":[{"href":"https:\/\/zaziltunich.com.mx\/en\/wp-json\/wp\/v2\/types\/product"}],"replies":[{"embeddable":true,"href":"https:\/\/zaziltunich.com.mx\/en\/wp-json\/wp\/v2\/comments?post=39499"}],"wp:featuredmedia":[{"embeddable":true,"href":"https:\/\/zaziltunich.com.mx\/en\/wp-json\/wp\/v2\/media\/39152"}],"wp:attachment":[{"href":"https:\/\/zaziltunich.com.mx\/en\/wp-json\/wp\/v2\/media?parent=39499"}],"wp:term":[{"taxonomy":"product_brand","embeddable":true,"href":"https:\/\/zaziltunich.com.mx\/en\/wp-json\/wp\/v2\/product_brand?post=39499"},{"taxonomy":"product_cat","embeddable":true,"href":"https:\/\/zaziltunich.com.mx\/en\/wp-json\/wp\/v2\/product_cat?post=39499"},{"taxonomy":"product_tag","embeddable":true,"href":"https:\/\/zaziltunich.com.mx\/en\/wp-json\/wp\/v2\/product_tag?post=39499"}],"curies":[{"name":"wp","href":"https:\/\/api.w.org\/{rel}","templated":true}]}}