{"id":17303,"date":"2023-12-18T11:40:10","date_gmt":"2023-12-18T16:40:10","guid":{"rendered":"https:\/\/zaziltunich.com.mx\/producto\/comida-inframundo\/"},"modified":"2024-11-17T14:12:30","modified_gmt":"2024-11-17T19:12:30","slug":"comida-inframundo","status":"publish","type":"product","link":"https:\/\/zaziltunich.com.mx\/en\/reservaciones\/comida-inframundo\/","title":{"rendered":"Comida Inframundo"},"content":{"rendered":"<p>En esta experiencia disfrutar\u00e1s de una comida regional dentro de la caverna-cenote a 20 metros bajo tierra, despu\u00e9s de conocer m\u00e1s sobre la m\u00edtologia maya y la leyenda de Xibalba, en el nivel n\u00famero 7 vivir\u00e1s una ceremonia maya de purificaci\u00f3n antes de sumergirte en aguas sagradas, para posteriormente en el nivel n\u00famero 8 de la caverna tu mesa estar\u00e1 lista con velas y flores para degustarte con una comida t\u00edpica de la regi\u00f3n, como testigo tendr\u00e1s una vista de 360\u00b0 grados a la caverna cenote Zazil Tunich.<\/p>\n<p>En la Comida Inframundo vivir\u00e1s:<\/p>\n<ul>\n<li>A guided tour with a limited group of 20 people.<\/li>\n<li>Mayan ceremony.<span style=\"font-weight: 400;\">(Miercoles a Lunes).<\/span><\/li>\n<li>Swimming in the cenote<\/li>\n<li>Comida de 3 tiempos:\n<ol>\n<li>Entrance<\/li>\n<li>Plato fuerte a base de pollo pibil o tamales de chaya<\/li>\n<li>dessert<\/li>\n<\/ol>\n<\/li>\n<li>If transportation is required, the departure is from the city of Valladolid.<\/li>\n<li>NO incluye bebidas.<\/li>\n<\/ul>\n<p><em>(Additional drinks and corkage would be at an additional cost)<\/em><\/p>","protected":false},"excerpt":{"rendered":"<p>La Comida Inframundo puede ser todos los d\u00edas en los horarios:<\/p>\n<p><b>12:00 hr 13:00 hr 15:00 hr 17:00 hr y 19:00 hr.<br \/>\n<\/b><\/p>\n<p><b>TIPS:<\/b><br \/>\n-Zapatos o sandalias para agua<br \/>\n-Toallas<br \/>\n-Repelente y bloqueador Biodegradable<br \/>\n&#8211; No se permite introducir: Alimentos y Bebidas<\/p>\n<p>&#8211; Si se requiere transportaci\u00f3n, la salida es desde la ciudad de Valladolid<\/p>","protected":false},"featured_media":23028,"comment_status":"closed","ping_status":"closed","template":"","meta":{"_joinchat":[]},"product_brand":[],"product_cat":[137],"product_tag":[],"class_list":{"0":"post-17303","1":"product","2":"type-product","3":"status-publish","4":"has-post-thumbnail","6":"product_cat-lan","8":"first","9":"instock","10":"virtual","11":"sold-individually","12":"purchasable","13":"product-type-booking"},"exclude_global_add_ons":false,"addons":[{"name":"Donation","type":"multiple_choice","position":0,"required":true,"title_format":"label","description_enable":true,"description":"ONG Single Maya Mothers","placeholder_enable":false,"placeholder":"","display":"select","restrictions_type":"any_text","adjust_price":false,"price":"","price_type":"flat_fee","restrictions":false,"min":0,"max":0,"options":[{"label":"No donar","price":"","price_type":"flat_fee","image":0},{"label":"Donar 50","price":"50","price_type":"flat_fee","image":0},{"label":"Donar 100","price":"100","price_type":"flat_fee","image":0},{"label":"Donar 200","price":"200","price_type":"flat_fee","image":0},{"label":"Donar 500","price":"500","price_type":"flat_fee","image":0}],"id":1730228052},{"name":"Idioma","type":"multiple_choice","position":0,"required":true,"title_format":"label","description_enable":true,"description":"Seleccione el Idioma del Tour","placeholder_enable":false,"placeholder":"","display":"select","restrictions_type":"any_text","adjust_price":false,"price":"","price_type":"flat_fee","restrictions":false,"min":0,"max":0,"options":[{"label":"Espa\u00f1ol","price":"","price_type":"flat_fee","image":0},{"label":"Ingles","price":"","price_type":"flat_fee","image":0}],"id":1730228116}],"yoast_head":"<!-- This site is optimized with the Yoast SEO Premium plugin v22.8 (Yoast SEO v25.3.1) - https:\/\/yoast.com\/wordpress\/plugins\/seo\/ -->\n<title>Comida Inframundo - Zazil Tunich - Cenote mas Premiado de Yucat\u00e1n<\/title>\n<meta name=\"robots\" content=\"index, follow, max-snippet:-1, max-image-preview:large, max-video-preview:-1\" \/>\n<link rel=\"canonical\" href=\"https:\/\/zaziltunich.com.mx\/en\/reservaciones\/comida-inframundo\/\" \/>\n<meta property=\"og:locale\" content=\"en_US\" \/>\n<meta property=\"og:type\" content=\"article\" \/>\n<meta property=\"og:title\" content=\"Comida Inframundo\" \/>\n<meta property=\"og:description\" content=\"La Comida Inframundo puede ser todos los d\u00edas en los horarios:  12:00 hr 13:00 hr 15:00 hr 17:00 hr y 19:00 hr.   TIPS: -Zapatos o sandalias para agua -Toallas -Repelente y bloqueador Biodegradable - No se permite introducir: Alimentos y Bebidas  - Si se requiere transportaci\u00f3n, la salida es desde la ciudad de Valladolid\" \/>\n<meta property=\"og:url\" content=\"https:\/\/zaziltunich.com.mx\/en\/reservaciones\/comida-inframundo\/\" \/>\n<meta property=\"og:site_name\" content=\"Zazil Tunich - Cenote mas Premiado de Yucat\u00e1n\" \/>\n<meta property=\"article:modified_time\" content=\"2024-11-17T19:12:30+00:00\" \/>\n<meta property=\"og:image\" content=\"https:\/\/zaziltunich.com.mx\/wp-content\/uploads\/2024\/10\/Captura-de-Pantalla-2022-08-01-a-las-12.52.23-2-770x1024.png\" \/>\n\t<meta property=\"og:image:width\" content=\"770\" \/>\n\t<meta property=\"og:image:height\" content=\"1024\" \/>\n\t<meta property=\"og:image:type\" content=\"image\/png\" \/>\n<meta name=\"twitter:card\" content=\"summary_large_image\" \/>\n<meta name=\"twitter:label1\" content=\"Est. reading time\" \/>\n\t<meta name=\"twitter:data1\" content=\"1 minute\" \/>\n<script type=\"application\/ld+json\" class=\"yoast-schema-graph\">{\"@context\":\"https:\/\/schema.org\",\"@graph\":[{\"@type\":\"WebPage\",\"@id\":\"https:\/\/zaziltunich.com.mx\/reservaciones\/comida-inframundo\/\",\"url\":\"https:\/\/zaziltunich.com.mx\/reservaciones\/comida-inframundo\/\",\"name\":\"Comida Inframundo - Zazil Tunich - Cenote mas Premiado de Yucat\u00e1n\",\"isPartOf\":{\"@id\":\"https:\/\/zaziltunich.com.mx\/#website\"},\"primaryImageOfPage\":{\"@id\":\"https:\/\/zaziltunich.com.mx\/reservaciones\/comida-inframundo\/#primaryimage\"},\"image\":{\"@id\":\"https:\/\/zaziltunich.com.mx\/reservaciones\/comida-inframundo\/#primaryimage\"},\"thumbnailUrl\":\"https:\/\/zaziltunich.com.mx\/wp-content\/uploads\/2024\/10\/Captura-de-Pantalla-2022-08-01-a-las-12.52.23-2.png\",\"datePublished\":\"2023-12-18T16:40:10+00:00\",\"dateModified\":\"2024-11-17T19:12:30+00:00\",\"breadcrumb\":{\"@id\":\"https:\/\/zaziltunich.com.mx\/reservaciones\/comida-inframundo\/#breadcrumb\"},\"inLanguage\":\"en-US\",\"potentialAction\":[{\"@type\":\"ReadAction\",\"target\":[\"https:\/\/zaziltunich.com.mx\/reservaciones\/comida-inframundo\/\"]}]},{\"@type\":\"ImageObject\",\"inLanguage\":\"en-US\",\"@id\":\"https:\/\/zaziltunich.com.mx\/reservaciones\/comida-inframundo\/#primaryimage\",\"url\":\"https:\/\/zaziltunich.com.mx\/wp-content\/uploads\/2024\/10\/Captura-de-Pantalla-2022-08-01-a-las-12.52.23-2.png\",\"contentUrl\":\"https:\/\/zaziltunich.com.mx\/wp-content\/uploads\/2024\/10\/Captura-de-Pantalla-2022-08-01-a-las-12.52.23-2.png\",\"width\":1216,\"height\":1618,\"caption\":\"Comida Inframundo\"},{\"@type\":\"BreadcrumbList\",\"@id\":\"https:\/\/zaziltunich.com.mx\/reservaciones\/comida-inframundo\/#breadcrumb\",\"itemListElement\":[{\"@type\":\"ListItem\",\"position\":1,\"name\":\"Inicio\",\"item\":\"https:\/\/zaziltunich.com.mx\/\"},{\"@type\":\"ListItem\",\"position\":2,\"name\":\"Reservaciones\",\"item\":\"https:\/\/zaziltunich.com.mx\/reservaciones\/\"},{\"@type\":\"ListItem\",\"position\":3,\"name\":\"Comida Inframundo\"}]},{\"@type\":\"WebSite\",\"@id\":\"https:\/\/zaziltunich.com.mx\/#website\",\"url\":\"https:\/\/zaziltunich.com.mx\/\",\"name\":\"Zazil Tunich - Cenote mas Premiado de Yucat\u00e1n\",\"description\":\"Cenote en Valladolid, Zazil Tunich el \u00fanico Cenote Museo de M\u00e9xico y m\u00e1s premiado de Yucat\u00e1n, donde conocer\u00e1s la estalactita mas grande de Yucatan, una experiencia \u00fanica sin turismo masivo.\",\"publisher\":{\"@id\":\"https:\/\/zaziltunich.com.mx\/#organization\"},\"potentialAction\":[{\"@type\":\"SearchAction\",\"target\":{\"@type\":\"EntryPoint\",\"urlTemplate\":\"https:\/\/zaziltunich.com.mx\/?s={search_term_string}\"},\"query-input\":{\"@type\":\"PropertyValueSpecification\",\"valueRequired\":true,\"valueName\":\"search_term_string\"}}],\"inLanguage\":\"en-US\"},{\"@type\":\"Organization\",\"@id\":\"https:\/\/zaziltunich.com.mx\/#organization\",\"name\":\"Zazil Tunich - Cenote mas Premiado de Yucat\u00e1n\",\"url\":\"https:\/\/zaziltunich.com.mx\/\",\"logo\":{\"@type\":\"ImageObject\",\"inLanguage\":\"en-US\",\"@id\":\"https:\/\/zaziltunich.com.mx\/#\/schema\/logo\/image\/\",\"url\":\"https:\/\/zaziltunich.com.mx\/wp-content\/uploads\/2024\/10\/logo-scaled.webp\",\"contentUrl\":\"https:\/\/zaziltunich.com.mx\/wp-content\/uploads\/2024\/10\/logo-scaled.webp\",\"width\":2560,\"height\":2560,\"caption\":\"Zazil Tunich - Cenote mas Premiado de Yucat\u00e1n\"},\"image\":{\"@id\":\"https:\/\/zaziltunich.com.mx\/#\/schema\/logo\/image\/\"}}]}<\/script>\n<!-- \/ Yoast SEO Premium plugin. -->","yoast_head_json":{"title":"Comida Inframundo - Zazil Tunich - Cenote mas Premiado de Yucat\u00e1n","robots":{"index":"index","follow":"follow","max-snippet":"max-snippet:-1","max-image-preview":"max-image-preview:large","max-video-preview":"max-video-preview:-1"},"canonical":"https:\/\/zaziltunich.com.mx\/en\/reservaciones\/comida-inframundo\/","og_locale":"en_US","og_type":"article","og_title":"Comida Inframundo","og_description":"La Comida Inframundo puede ser todos los d\u00edas en los horarios:  12:00 hr 13:00 hr 15:00 hr 17:00 hr y 19:00 hr.   TIPS: -Zapatos o sandalias para agua -Toallas -Repelente y bloqueador Biodegradable - No se permite introducir: Alimentos y Bebidas  - Si se requiere transportaci\u00f3n, la salida es desde la ciudad de Valladolid","og_url":"https:\/\/zaziltunich.com.mx\/en\/reservaciones\/comida-inframundo\/","og_site_name":"Zazil Tunich - Cenote mas Premiado de Yucat\u00e1n","article_modified_time":"2024-11-17T19:12:30+00:00","og_image":[{"width":770,"height":1024,"url":"https:\/\/zaziltunich.com.mx\/wp-content\/uploads\/2024\/10\/Captura-de-Pantalla-2022-08-01-a-las-12.52.23-2-770x1024.png","type":"image\/png"}],"twitter_card":"summary_large_image","twitter_misc":{"Est. reading time":"1 minute"},"schema":{"@context":"https:\/\/schema.org","@graph":[{"@type":"WebPage","@id":"https:\/\/zaziltunich.com.mx\/reservaciones\/comida-inframundo\/","url":"https:\/\/zaziltunich.com.mx\/reservaciones\/comida-inframundo\/","name":"Comida Inframundo - Zazil Tunich - Cenote mas Premiado de Yucat\u00e1n","isPartOf":{"@id":"https:\/\/zaziltunich.com.mx\/#website"},"primaryImageOfPage":{"@id":"https:\/\/zaziltunich.com.mx\/reservaciones\/comida-inframundo\/#primaryimage"},"image":{"@id":"https:\/\/zaziltunich.com.mx\/reservaciones\/comida-inframundo\/#primaryimage"},"thumbnailUrl":"https:\/\/zaziltunich.com.mx\/wp-content\/uploads\/2024\/10\/Captura-de-Pantalla-2022-08-01-a-las-12.52.23-2.png","datePublished":"2023-12-18T16:40:10+00:00","dateModified":"2024-11-17T19:12:30+00:00","breadcrumb":{"@id":"https:\/\/zaziltunich.com.mx\/reservaciones\/comida-inframundo\/#breadcrumb"},"inLanguage":"en-US","potentialAction":[{"@type":"ReadAction","target":["https:\/\/zaziltunich.com.mx\/reservaciones\/comida-inframundo\/"]}]},{"@type":"ImageObject","inLanguage":"en-US","@id":"https:\/\/zaziltunich.com.mx\/reservaciones\/comida-inframundo\/#primaryimage","url":"https:\/\/zaziltunich.com.mx\/wp-content\/uploads\/2024\/10\/Captura-de-Pantalla-2022-08-01-a-las-12.52.23-2.png","contentUrl":"https:\/\/zaziltunich.com.mx\/wp-content\/uploads\/2024\/10\/Captura-de-Pantalla-2022-08-01-a-las-12.52.23-2.png","width":1216,"height":1618,"caption":"Comida Inframundo"},{"@type":"BreadcrumbList","@id":"https:\/\/zaziltunich.com.mx\/reservaciones\/comida-inframundo\/#breadcrumb","itemListElement":[{"@type":"ListItem","position":1,"name":"Inicio","item":"https:\/\/zaziltunich.com.mx\/"},{"@type":"ListItem","position":2,"name":"Reservaciones","item":"https:\/\/zaziltunich.com.mx\/reservaciones\/"},{"@type":"ListItem","position":3,"name":"Comida Inframundo"}]},{"@type":"WebSite","@id":"https:\/\/zaziltunich.com.mx\/#website","url":"https:\/\/zaziltunich.com.mx\/","name":"Zazil Tunich - Cenote mas Premiado de Yucat\u00e1n","description":"Cenote en Valladolid, Zazil Tunich el \u00fanico Cenote Museo de M\u00e9xico y m\u00e1s premiado de Yucat\u00e1n, donde conocer\u00e1s la estalactita mas grande de Yucatan, una experiencia \u00fanica sin turismo masivo.","publisher":{"@id":"https:\/\/zaziltunich.com.mx\/#organization"},"potentialAction":[{"@type":"SearchAction","target":{"@type":"EntryPoint","urlTemplate":"https:\/\/zaziltunich.com.mx\/?s={search_term_string}"},"query-input":{"@type":"PropertyValueSpecification","valueRequired":true,"valueName":"search_term_string"}}],"inLanguage":"en-US"},{"@type":"Organization","@id":"https:\/\/zaziltunich.com.mx\/#organization","name":"Zazil Tunich - Cenote mas Premiado de Yucat\u00e1n","url":"https:\/\/zaziltunich.com.mx\/","logo":{"@type":"ImageObject","inLanguage":"en-US","@id":"https:\/\/zaziltunich.com.mx\/#\/schema\/logo\/image\/","url":"https:\/\/zaziltunich.com.mx\/wp-content\/uploads\/2024\/10\/logo-scaled.webp","contentUrl":"https:\/\/zaziltunich.com.mx\/wp-content\/uploads\/2024\/10\/logo-scaled.webp","width":2560,"height":2560,"caption":"Zazil Tunich - Cenote mas Premiado de Yucat\u00e1n"},"image":{"@id":"https:\/\/zaziltunich.com.mx\/#\/schema\/logo\/image\/"}}]}},"_links":{"self":[{"href":"https:\/\/zaziltunich.com.mx\/en\/wp-json\/wp\/v2\/product\/17303"}],"collection":[{"href":"https:\/\/zaziltunich.com.mx\/en\/wp-json\/wp\/v2\/product"}],"about":[{"href":"https:\/\/zaziltunich.com.mx\/en\/wp-json\/wp\/v2\/types\/product"}],"replies":[{"embeddable":true,"href":"https:\/\/zaziltunich.com.mx\/en\/wp-json\/wp\/v2\/comments?post=17303"}],"wp:featuredmedia":[{"embeddable":true,"href":"https:\/\/zaziltunich.com.mx\/en\/wp-json\/wp\/v2\/media\/23028"}],"wp:attachment":[{"href":"https:\/\/zaziltunich.com.mx\/en\/wp-json\/wp\/v2\/media?parent=17303"}],"wp:term":[{"taxonomy":"product_brand","embeddable":true,"href":"https:\/\/zaziltunich.com.mx\/en\/wp-json\/wp\/v2\/product_brand?post=17303"},{"taxonomy":"product_cat","embeddable":true,"href":"https:\/\/zaziltunich.com.mx\/en\/wp-json\/wp\/v2\/product_cat?post=17303"},{"taxonomy":"product_tag","embeddable":true,"href":"https:\/\/zaziltunich.com.mx\/en\/wp-json\/wp\/v2\/product_tag?post=17303"}],"curies":[{"name":"wp","href":"https:\/\/api.w.org\/{rel}","templated":true}]}}