{"id":40003,"date":"2025-06-12T09:52:35","date_gmt":"2025-06-12T14:52:35","guid":{"rendered":"https:\/\/zaziltunich.com.mx\/?page_id=40003"},"modified":"2025-06-13T18:47:40","modified_gmt":"2025-06-13T23:47:40","slug":"storytelling","status":"publish","type":"page","link":"https:\/\/zaziltunich.com.mx\/en\/storytelling\/","title":{"rendered":"Storytelling"},"content":{"rendered":"<div data-elementor-type=\"wp-page\" data-elementor-id=\"40003\" class=\"elementor elementor-40003\" data-elementor-post-type=\"page\">\n\t\t\t\t<div class=\"elementor-element elementor-element-9e49ed5 e-flex e-con-boxed e-con e-parent\" data-id=\"9e49ed5\" data-element_type=\"container\" data-settings=\"{&quot;background_background&quot;:&quot;classic&quot;}\">\n\t\t\t\t\t<div class=\"e-con-inner\">\n\t\t\t\t<div class=\"elementor-element elementor-element-8c0191f elementor-widget elementor-widget-heading\" data-id=\"8c0191f\" data-element_type=\"widget\" data-widget_type=\"heading.default\">\n\t\t\t\t<div class=\"elementor-widget-container\">\n\t\t\t\t\t<h1 class=\"elementor-heading-title elementor-size-default\">Mucho m\u00e1s que un Cenote\n<\/h1>\t\t\t\t<\/div>\n\t\t\t\t<\/div>\n\t\t\t\t<div class=\"elementor-element elementor-element-af80b54 elementor-widget-divider--view-line elementor-widget elementor-widget-divider\" data-id=\"af80b54\" data-element_type=\"widget\" data-widget_type=\"divider.default\">\n\t\t\t\t<div class=\"elementor-widget-container\">\n\t\t\t\t\t\t\t<div class=\"elementor-divider\">\n\t\t\t<span class=\"elementor-divider-separator\">\n\t\t\t\t\t\t<\/span>\n\t\t<\/div>\n\t\t\t\t\t\t<\/div>\n\t\t\t\t<\/div>\n\t\t\t\t\t<\/div>\n\t\t\t\t<\/div>\n\t\t<div class=\"elementor-element elementor-element-2904aa6 e-flex e-con-boxed e-con e-parent\" data-id=\"2904aa6\" data-element_type=\"container\">\n\t\t\t\t\t<div class=\"e-con-inner\">\n\t\t\t\t<div class=\"elementor-element elementor-element-73b7674 elementor-widget elementor-widget-text-editor\" data-id=\"73b7674\" data-element_type=\"widget\" data-widget_type=\"text-editor.default\">\n\t\t\t\t<div class=\"elementor-widget-container\">\n\t\t\t\t\t\t\t\t\t<h3 data-start=\"235\" data-end=\"264\"><strong data-start=\"265\" data-end=\"313\">Zazil Tunich: Primer Cenote-Museo de Yucat\u00e1n<\/strong><br data-start=\"313\" data-end=\"316\" \/>Una familia, una visi\u00f3n, arte natural y una cultura que sigue viva<\/h3><hr data-start=\"386\" data-end=\"389\" \/><h3 data-start=\"391\" data-end=\"430\">El comienzo de todo (una familia)<\/h3><p data-start=\"431\" data-end=\"767\">En Yucat\u00e1n existen m\u00e1s de 8,000 cenotes, y la mayor\u00eda han sido transformados en balnearios tur\u00edsticos, perdiendo con ello parte de su esencia natural y espiritual. Pero nuestra historia empieza cuando decidimos hacer lo contrario: rescatar la esencia sagrada del inframundo maya y devolverle su significado ancestral a nuestro cenote.<\/p><p data-start=\"769\" data-end=\"1136\">Nuestra familia, compuesta por seis integrantes de distintas edades e ideas, viv\u00eda en la ciudad y buscaba un lugar cercano donde pasar los fines de semana en la naturaleza. Fue as\u00ed que, en el verano de 2009, encontramos un terreno con ruinas de una noria, vestigios de la Guerra de Castas, una antigua casona casi destruida y un agujero en la tierra casi enterrado.<\/p><p data-start=\"1138\" data-end=\"1214\">La mayor\u00eda lo habr\u00eda descartado. Nosotros vimos un misterio por descubrir.<\/p><hr data-start=\"1216\" data-end=\"1219\" \/><h3 data-start=\"1221\" data-end=\"1274\">Un llamado desde las profundidades (una visi\u00f3n)<\/h3><p data-start=\"1275\" data-end=\"1645\">Entre piedras, maleza y toneladas de lodo, descendimos por primera vez por un agujero olvidado que nos llevar\u00eda a la fuente de agua de la noria destruida. Llegamos a 20 metros bajo tierra, entre cerros de tierra y piedras amontonadas por un derrumbe que al parecer hab\u00eda ocurrido. Ah\u00ed se encontraba el agua, con muy poca circulaci\u00f3n, que ocultaba un secreto milenario.<\/p><p data-start=\"1647\" data-end=\"1898\">A un lado, mirando al fondo de la caverna, se pod\u00edan ver piedras y sombras que generaban las l\u00e1mparas que us\u00e1bamos para iluminar el descenso, as\u00ed como las estalactitas y estalagmitas que la naturaleza llevaba m\u00e1s de medio mill\u00f3n de a\u00f1os esculpiendo.<\/p><p data-start=\"1900\" data-end=\"2137\">En ese instante supimos que no era solo un cenote casi enterrado: era un santuario escondido que deb\u00edamos rescatar. Entendimos que, m\u00e1s que adquirir un terreno, hab\u00edamos encontrado un lugar que nos eligi\u00f3 a nosotros para redescubrirlo.<\/p><hr data-start=\"2139\" data-end=\"2142\" \/><h3 data-start=\"2144\" data-end=\"2221\">Nuestra casa de fin de semana\u2026 que se convirti\u00f3 en legado (una familia)<\/h3><p data-start=\"2222\" data-end=\"2593\">Al principio solo quer\u00edamos construir una casa familiar para los fines de semana, pero con cada piedra retirada, cada canal de agua restaurado y cada espacio iluminado, \u00edbamos descubriendo que el lugar ten\u00eda algo que contar al mundo. Todo parec\u00eda indicar que, durante la Guerra de Castas de Yucat\u00e1n en 1847, este lugar hab\u00eda sido ocultado a prop\u00f3sito al ser abandonado.<\/p><p data-start=\"2595\" data-end=\"3258\">Con el paso del tiempo, Zazil Tunich dej\u00f3 de ser solo un plan de descanso y se transform\u00f3 en un proyecto que inspir\u00f3 a toda la familia. A pesar de nuestras diferencias, estilos de vida y sue\u00f1os personales, coordinarnos no fue f\u00e1cil: hubo desacuerdos, desaf\u00edos, sacrificios. Fue la visi\u00f3n empresarial del l\u00edder familiar, Armando Geded, la que marc\u00f3 una pauta a seguir. Todos, con la pasi\u00f3n por preservar este lugar, aprendimos a trabajar como equipo y a fortalecer el respeto que ya ten\u00edamos por la naturaleza, por las obras de arte formadas durante miles de a\u00f1os y por nuestra cultura maya. Fue todo eso junto lo que hoy nos hace \u00fanicos como producto tur\u00edstico.<\/p><hr data-start=\"3260\" data-end=\"3263\" \/><h3 data-start=\"3265\" data-end=\"3333\">Nace el primer Cenote-Museo de Yucat\u00e1n (obras de arte natural)<\/h3><p data-start=\"3334\" data-end=\"3644\">El trabajo fue arduo: sin maquinaria, sin experiencia, sin mucho dinero, sin certeza. Durante 8 a\u00f1os, nuestra voluntad, esfuerzo f\u00edsico y profundo respeto por el entorno nos permitieron, palada a palada, retirar piedras y lodo hasta rescatar el cauce del r\u00edo subterr\u00e1neo. Poco a poco, el agua volvi\u00f3 a fluir.<\/p><p data-start=\"3646\" data-end=\"3969\">Las formaciones de piedra comenzaron a brillar, como si el lugar empezara a respirar otra vez. La belleza natural del cenote rescatado, las obras de arte que la naturaleza hab\u00eda construido gota a gota por miles de a\u00f1os y el simbolismo espiritual del Xibalb\u00e1 \u2014el inframundo maya\u2014 nos inspiraron a compartirlo con el mundo.<\/p><p data-start=\"3971\" data-end=\"4206\">As\u00ed naci\u00f3 Zazil Tunich, el primer cenote-museo de Yucat\u00e1n: un espacio donde cada visita permite admirar verdaderas obras de arte, recibir una lecci\u00f3n de historia y espiritualidad, e inspirar un respeto m\u00e1s profundo por la naturaleza.<\/p><p data-start=\"4208\" data-end=\"4524\">Decidimos que el contexto de nuestro concepto tur\u00edstico ser\u00eda la mitolog\u00eda maya, con su leyenda del libro sagrado Popol-Vuh y Xibalb\u00e1. En este santuario el visitante no solo se adentra 20 metros bajo tierra, sino tambi\u00e9n al universo simb\u00f3lico de los antiguos mayas. Aqu\u00ed, el tiempo se detiene y todo cobra sentido.<\/p><hr data-start=\"4526\" data-end=\"4529\" \/><h3 data-start=\"4531\" data-end=\"4575\">Zazil Tunich: \u201cLas piedras iluminadas\u201d<\/h3><p data-start=\"4576\" data-end=\"5009\">Cuando iluminamos las primeras estalactitas y preguntamos al sacerdote maya que nos ayudaba a descender c\u00f3mo llamaban a lo que est\u00e1bamos viendo, respondi\u00f3 en lengua maya: <strong data-start=\"4747\" data-end=\"4763\">Zazil Tunich<\/strong>, que significa <em data-start=\"4779\" data-end=\"4799\">piedras iluminadas<\/em> o <em data-start=\"4802\" data-end=\"4821\">piedras brillosas<\/em>. As\u00ed es como decidimos nombrar el proyecto: un homenaje a las formaciones naturales, al misterio del lugar y a esa luz interior que instalamos, que transformaba la oscuridad en belleza.<\/p><hr data-start=\"5011\" data-end=\"5014\" \/><h3 data-start=\"5016\" data-end=\"5048\">A culture that remains alive<\/h3><p data-start=\"5049\" data-end=\"5415\">Nuestra familia convirti\u00f3 a Zazil Tunich no solo en un homenaje a la naturaleza, sino tambi\u00e9n a la cultura maya que sigue viva. Por eso, se ha convertido en una fuente de trabajo para artesanos, cocineras tradicionales y comunidades locales, a quienes ayudamos a revivir y rescatar costumbres y tradiciones que la vida moderna y el turismo masivo han ido borrando.<\/p><p data-start=\"5417\" data-end=\"5609\">Fundamos una ONG para apoyar a madres solteras mayas, quienes aportan saberes ancestrales: desde la elaboraci\u00f3n de hamacas hasta las recetas originales que servimos en nuestras experiencias.<\/p><p data-start=\"5611\" data-end=\"5716\">Zazil Tunich se convirti\u00f3 en un puente entre el pasado y el presente, entre la tierra y sus guardianes.<\/p><hr data-start=\"5718\" data-end=\"5721\" \/><h3 data-start=\"5723\" data-end=\"5791\">Hoy, Zazil Tunich es un destino obligatorio al visitar Yucat\u00e1n<\/h3><p data-start=\"5792\" data-end=\"6014\">Hemos construido un lugar de encuentro entre la naturaleza, el arte natural y una cultura maya que sigue viva. Es el lugar ideal para vivir una experiencia sin turismo masivo y que los visitantes a Yucat\u00e1n deben conocer.<\/p><p data-start=\"6016\" data-end=\"6227\">Para las parejas es un verdadero santuario del amor, que ha provocado que muchas decidan sellar su uni\u00f3n con la fuerza de nuestra protectora, la diosa maya del amor, Ixchel, en nuestras actividades de romance.<\/p><hr data-start=\"6229\" data-end=\"6232\" \/><h3 data-start=\"6234\" data-end=\"6279\">Encuentro con Xibalb\u00e1 (Premio Nacional)<\/h3><p data-start=\"6280\" data-end=\"6652\">En marzo de 2023, en el marco de la feria tur\u00edstica de M\u00e9xico, despu\u00e9s de 7 a\u00f1os mostrando la experiencia que hemos creado, Zazil Tunich, con su producto <strong data-start=\"6434\" data-end=\"6458\">Meeting at Xibalb\u00e1<\/strong> (una experiencia a 20 metros bajo tierra), recibi\u00f3 el <em data-start=\"6513\" data-end=\"6556\">Premio Nacional a la Innovaci\u00f3n Tur\u00edstica<\/em>. Un reconocimiento al trabajo y pasi\u00f3n por nuestras ra\u00edces y cultura maya de nuestra familia.<\/p><hr data-start=\"6654\" data-end=\"6657\" \/><h3 data-start=\"6659\" data-end=\"6712\">Lo mejor de Yucat\u00e1n (reconocimiento del estado)<\/h3><p data-start=\"6713\" data-end=\"6867\">En 2024, el Gobierno del Estado, por conducto de la Secretar\u00eda de Turismo, distingui\u00f3 a Zazil Tunich como uno de los productos de <em data-start=\"6843\" data-end=\"6864\">Lo Mejor de Yucat\u00e1n<\/em>.<\/p><hr data-start=\"6869\" data-end=\"6872\" \/><p data-start=\"6874\" data-end=\"7040\">Definitivamente, es un lugar donde los visitantes se conectan consigo mismos a trav\u00e9s de rituales, el sonido del silencio y el agua sagrada que los mayas veneraban.<\/p><p data-start=\"7042\" data-end=\"7207\">Es un santuario que respira con cada historia, cada ceremonia y cada familia que decide ser parte de esta visi\u00f3n para vivir la experiencia de un cenote en Yucat\u00e1n.<\/p><p data-start=\"7209\" data-end=\"7269\">No es solo un cenote.<br data-start=\"7230\" data-end=\"7233\" \/>Es una experiencia que transforma.<\/p><p data-start=\"7271\" data-end=\"7426\">Aqu\u00ed no llegas por casualidad. Llegas cuando est\u00e1s listo para ver lo invisible, sentir lo profundo de una cultura ancestral y conectar con tus emociones.<\/p><p data-start=\"7428\" data-end=\"7543\"><strong data-start=\"7428\" data-end=\"7470\">Zazil Tunich: mucho m\u00e1s que un cenote.<\/strong><br data-start=\"7470\" data-end=\"7473\" \/>Es un legado familiar, un museo vivo y una entrada al alma de Yucat\u00e1n.<\/p>\t\t\t\t\t\t\t\t<\/div>\n\t\t\t\t<\/div>\n\t\t\t\t\t<\/div>\n\t\t\t\t<\/div>\n\t\t<div class=\"elementor-element elementor-element-7d7486b e-flex e-con-boxed e-con e-parent\" data-id=\"7d7486b\" data-element_type=\"container\" data-settings=\"{&quot;background_background&quot;:&quot;classic&quot;}\">\n\t\t\t\t\t<div class=\"e-con-inner\">\n\t\t\t\t<div class=\"elementor-element elementor-element-cb265cd elementor-widget elementor-widget-heading\" data-id=\"cb265cd\" data-element_type=\"widget\" data-widget_type=\"heading.default\">\n\t\t\t\t<div class=\"elementor-widget-container\">\n\t\t\t\t\t<h2 class=\"elementor-heading-title elementor-size-default\">Fotos de historia \n<\/h2>\t\t\t\t<\/div>\n\t\t\t\t<\/div>\n\t\t<div class=\"elementor-element elementor-element-d562a4c e-con-full e-flex e-con e-child\" data-id=\"d562a4c\" data-element_type=\"container\" data-settings=\"{&quot;background_background&quot;:&quot;classic&quot;}\">\n\t\t<div class=\"elementor-element elementor-element-ac09523 e-con-full e-flex e-con e-child\" data-id=\"ac09523\" data-element_type=\"container\">\n\t\t\t\t<div class=\"elementor-element elementor-element-1f7f9fb elementor-arrows-position-inside elementor-pagination-position-outside elementor-widget elementor-widget-image-carousel\" data-id=\"1f7f9fb\" data-element_type=\"widget\" data-settings=\"{&quot;navigation&quot;:&quot;both&quot;,&quot;autoplay&quot;:&quot;yes&quot;,&quot;pause_on_hover&quot;:&quot;yes&quot;,&quot;pause_on_interaction&quot;:&quot;yes&quot;,&quot;autoplay_speed&quot;:5000,&quot;infinite&quot;:&quot;yes&quot;,&quot;speed&quot;:500,&quot;image_spacing_custom&quot;:{&quot;unit&quot;:&quot;px&quot;,&quot;size&quot;:20,&quot;sizes&quot;:[]},&quot;image_spacing_custom_laptop&quot;:{&quot;unit&quot;:&quot;px&quot;,&quot;size&quot;:&quot;&quot;,&quot;sizes&quot;:[]},&quot;image_spacing_custom_tablet&quot;:{&quot;unit&quot;:&quot;px&quot;,&quot;size&quot;:&quot;&quot;,&quot;sizes&quot;:[]},&quot;image_spacing_custom_mobile&quot;:{&quot;unit&quot;:&quot;px&quot;,&quot;size&quot;:&quot;&quot;,&quot;sizes&quot;:[]}}\" data-widget_type=\"image-carousel.default\">\n\t\t\t\t<div class=\"elementor-widget-container\">\n\t\t\t\t\t\t\t<div class=\"elementor-image-carousel-wrapper swiper\" role=\"region\" aria-roledescription=\"carousel\" aria-label=\"Carrusel de Im\u00e1genes\" dir=\"ltr\">\n\t\t\t<div class=\"elementor-image-carousel swiper-wrapper\" aria-live=\"off\">\n\t\t\t\t\t\t\t\t<div class=\"swiper-slide\" role=\"group\" aria-roledescription=\"slide\" aria-label=\"1 of 4\" data-no-translation-aria-label=\"\"><figure class=\"swiper-slide-inner\"><img decoding=\"async\" class=\"swiper-slide-image\" src=\"https:\/\/zaziltunich.com.mx\/wp-content\/uploads\/2025\/06\/Captura-de-pantalla-2025-06-12-a-las-8.47.50\u202fa.m-768x866.png\" alt=\"Captura de pantalla 2025-06-12 a la(s) 8.47.50\u202fa.m.\" \/><\/figure><\/div><div class=\"swiper-slide\" role=\"group\" aria-roledescription=\"slide\" aria-label=\"2 of 4\" data-no-translation-aria-label=\"\"><figure class=\"swiper-slide-inner\"><img decoding=\"async\" class=\"swiper-slide-image\" src=\"https:\/\/zaziltunich.com.mx\/wp-content\/uploads\/2025\/06\/Captura-de-pantalla-2025-06-12-a-las-8.47.51\u202fa.m-768x866.png\" alt=\"Captura de pantalla 2025-06-12 a la(s) 8.47.51\u202fa.m.\" \/><\/figure><\/div><div class=\"swiper-slide\" role=\"group\" aria-roledescription=\"slide\" aria-label=\"3 of 4\" data-no-translation-aria-label=\"\"><figure class=\"swiper-slide-inner\"><img decoding=\"async\" class=\"swiper-slide-image\" src=\"https:\/\/zaziltunich.com.mx\/wp-content\/uploads\/2025\/06\/Captura-de-pantalla-2025-06-12-a-las-8.47.52\u202fa.m-768x866.png\" alt=\"Captura de pantalla 2025-06-12 a la(s) 8.47.52\u202fa.m.\" \/><\/figure><\/div><div class=\"swiper-slide\" role=\"group\" aria-roledescription=\"slide\" aria-label=\"4 of 4\" data-no-translation-aria-label=\"\"><figure class=\"swiper-slide-inner\"><img decoding=\"async\" class=\"swiper-slide-image\" src=\"https:\/\/zaziltunich.com.mx\/wp-content\/uploads\/2025\/06\/Captura-de-pantalla-2025-06-12-a-las-8.47.54\u202fa.m-768x866.png\" alt=\"Captura de pantalla 2025-06-12 a la(s) 8.47.54\u202fa.m.\" \/><\/figure><\/div>\t\t\t<\/div>\n\t\t\t\t\t\t\t\t\t\t\t\t<div class=\"elementor-swiper-button elementor-swiper-button-prev\" role=\"button\" tabindex=\"0\">\n\t\t\t\t\t\t<i aria-hidden=\"true\" class=\"eicon-chevron-left\"><\/i>\t\t\t\t\t<\/div>\n\t\t\t\t\t<div class=\"elementor-swiper-button elementor-swiper-button-next\" role=\"button\" tabindex=\"0\">\n\t\t\t\t\t\t<i aria-hidden=\"true\" class=\"eicon-chevron-right\"><\/i>\t\t\t\t\t<\/div>\n\t\t\t\t\n\t\t\t\t\t\t\t\t\t<div class=\"swiper-pagination\"><\/div>\n\t\t\t\t\t\t\t\t\t<\/div>\n\t\t\t\t\t\t<\/div>\n\t\t\t\t<\/div>\n\t\t\t\t<\/div>\n\t\t\t\t<\/div>\n\t\t\t\t\t<\/div>\n\t\t\t\t<\/div>\n\t\t\t\t<\/div>","protected":false},"excerpt":{"rendered":"<p>Mucho m\u00e1s que un Cenote Zazil Tunich: Primer Cenote-Museo de Yucat\u00e1nUna familia, una visi\u00f3n, arte natural y una cultura que sigue viva El comienzo de todo (una familia) En Yucat\u00e1n existen m\u00e1s de 8,000 cenotes, y la mayor\u00eda han sido transformados en balnearios tur\u00edsticos, perdiendo con ello parte de su esencia natural y espiritual. Pero [&hellip;]<\/p>","protected":false},"author":1,"featured_media":0,"parent":0,"menu_order":0,"comment_status":"closed","ping_status":"closed","template":"","meta":{"_joinchat":[],"footnotes":""},"class_list":["post-40003","page","type-page","status-publish","hentry"],"yoast_head":"<!-- This site is optimized with the Yoast SEO Premium plugin v22.8 (Yoast SEO v25.3.1) - https:\/\/yoast.com\/wordpress\/plugins\/seo\/ -->\n<title>Storytelling - Zazil Tunich - Cenote mas Premiado de Yucat\u00e1n<\/title>\n<meta name=\"robots\" content=\"index, follow, max-snippet:-1, max-image-preview:large, max-video-preview:-1\" \/>\n<link rel=\"canonical\" href=\"https:\/\/zaziltunich.com.mx\/en\/storytelling\/\" \/>\n<meta property=\"og:locale\" content=\"en_US\" \/>\n<meta property=\"og:type\" content=\"article\" \/>\n<meta property=\"og:title\" content=\"Storytelling\" \/>\n<meta property=\"og:description\" content=\"Mucho m\u00e1s que un Cenote Zazil Tunich: Primer Cenote-Museo de Yucat\u00e1nUna familia, una visi\u00f3n, arte natural y una cultura que sigue viva El comienzo de todo (una familia) En Yucat\u00e1n existen m\u00e1s de 8,000 cenotes, y la mayor\u00eda han sido transformados en balnearios tur\u00edsticos, perdiendo con ello parte de su esencia natural y espiritual. Pero [&hellip;]\" \/>\n<meta property=\"og:url\" content=\"https:\/\/zaziltunich.com.mx\/en\/storytelling\/\" \/>\n<meta property=\"og:site_name\" content=\"Zazil Tunich - Cenote mas Premiado de Yucat\u00e1n\" \/>\n<meta property=\"article:modified_time\" content=\"2025-06-13T23:47:40+00:00\" \/>\n<meta name=\"twitter:card\" content=\"summary_large_image\" \/>\n<meta name=\"twitter:label1\" content=\"Est. reading time\" \/>\n\t<meta name=\"twitter:data1\" content=\"7 minutes\" \/>\n<script type=\"application\/ld+json\" class=\"yoast-schema-graph\">{\"@context\":\"https:\/\/schema.org\",\"@graph\":[{\"@type\":\"WebPage\",\"@id\":\"https:\/\/zaziltunich.com.mx\/storytelling\/\",\"url\":\"https:\/\/zaziltunich.com.mx\/storytelling\/\",\"name\":\"Storytelling - Zazil Tunich - Cenote mas Premiado de Yucat\u00e1n\",\"isPartOf\":{\"@id\":\"https:\/\/zaziltunich.com.mx\/#website\"},\"datePublished\":\"2025-06-12T14:52:35+00:00\",\"dateModified\":\"2025-06-13T23:47:40+00:00\",\"breadcrumb\":{\"@id\":\"https:\/\/zaziltunich.com.mx\/storytelling\/#breadcrumb\"},\"inLanguage\":\"en-US\",\"potentialAction\":[{\"@type\":\"ReadAction\",\"target\":[\"https:\/\/zaziltunich.com.mx\/storytelling\/\"]}]},{\"@type\":\"BreadcrumbList\",\"@id\":\"https:\/\/zaziltunich.com.mx\/storytelling\/#breadcrumb\",\"itemListElement\":[{\"@type\":\"ListItem\",\"position\":1,\"name\":\"Inicio\",\"item\":\"https:\/\/zaziltunich.com.mx\/\"},{\"@type\":\"ListItem\",\"position\":2,\"name\":\"Storytelling\"}]},{\"@type\":\"WebSite\",\"@id\":\"https:\/\/zaziltunich.com.mx\/#website\",\"url\":\"https:\/\/zaziltunich.com.mx\/\",\"name\":\"Zazil Tunich - Cenote mas Premiado de Yucat\u00e1n\",\"description\":\"Cenote en Valladolid, Zazil Tunich el \u00fanico Cenote Museo de M\u00e9xico y m\u00e1s premiado de Yucat\u00e1n, donde conocer\u00e1s la estalactita mas grande de Yucatan, una experiencia \u00fanica sin turismo masivo.\",\"publisher\":{\"@id\":\"https:\/\/zaziltunich.com.mx\/#organization\"},\"potentialAction\":[{\"@type\":\"SearchAction\",\"target\":{\"@type\":\"EntryPoint\",\"urlTemplate\":\"https:\/\/zaziltunich.com.mx\/?s={search_term_string}\"},\"query-input\":{\"@type\":\"PropertyValueSpecification\",\"valueRequired\":true,\"valueName\":\"search_term_string\"}}],\"inLanguage\":\"en-US\"},{\"@type\":\"Organization\",\"@id\":\"https:\/\/zaziltunich.com.mx\/#organization\",\"name\":\"Zazil Tunich - Cenote mas Premiado de Yucat\u00e1n\",\"url\":\"https:\/\/zaziltunich.com.mx\/\",\"logo\":{\"@type\":\"ImageObject\",\"inLanguage\":\"en-US\",\"@id\":\"https:\/\/zaziltunich.com.mx\/#\/schema\/logo\/image\/\",\"url\":\"https:\/\/zaziltunich.com.mx\/wp-content\/uploads\/2024\/10\/logo-scaled.webp\",\"contentUrl\":\"https:\/\/zaziltunich.com.mx\/wp-content\/uploads\/2024\/10\/logo-scaled.webp\",\"width\":2560,\"height\":2560,\"caption\":\"Zazil Tunich - Cenote mas Premiado de Yucat\u00e1n\"},\"image\":{\"@id\":\"https:\/\/zaziltunich.com.mx\/#\/schema\/logo\/image\/\"}}]}<\/script>\n<!-- \/ Yoast SEO Premium plugin. -->","yoast_head_json":{"title":"Storytelling - Zazil Tunich - Cenote mas Premiado de Yucat\u00e1n","robots":{"index":"index","follow":"follow","max-snippet":"max-snippet:-1","max-image-preview":"max-image-preview:large","max-video-preview":"max-video-preview:-1"},"canonical":"https:\/\/zaziltunich.com.mx\/en\/storytelling\/","og_locale":"en_US","og_type":"article","og_title":"Storytelling","og_description":"Mucho m\u00e1s que un Cenote Zazil Tunich: Primer Cenote-Museo de Yucat\u00e1nUna familia, una visi\u00f3n, arte natural y una cultura que sigue viva El comienzo de todo (una familia) En Yucat\u00e1n existen m\u00e1s de 8,000 cenotes, y la mayor\u00eda han sido transformados en balnearios tur\u00edsticos, perdiendo con ello parte de su esencia natural y espiritual. Pero [&hellip;]","og_url":"https:\/\/zaziltunich.com.mx\/en\/storytelling\/","og_site_name":"Zazil Tunich - Cenote mas Premiado de Yucat\u00e1n","article_modified_time":"2025-06-13T23:47:40+00:00","twitter_card":"summary_large_image","twitter_misc":{"Est. reading time":"7 minutes"},"schema":{"@context":"https:\/\/schema.org","@graph":[{"@type":"WebPage","@id":"https:\/\/zaziltunich.com.mx\/storytelling\/","url":"https:\/\/zaziltunich.com.mx\/storytelling\/","name":"Storytelling - Zazil Tunich - Cenote mas Premiado de Yucat\u00e1n","isPartOf":{"@id":"https:\/\/zaziltunich.com.mx\/#website"},"datePublished":"2025-06-12T14:52:35+00:00","dateModified":"2025-06-13T23:47:40+00:00","breadcrumb":{"@id":"https:\/\/zaziltunich.com.mx\/storytelling\/#breadcrumb"},"inLanguage":"en-US","potentialAction":[{"@type":"ReadAction","target":["https:\/\/zaziltunich.com.mx\/storytelling\/"]}]},{"@type":"BreadcrumbList","@id":"https:\/\/zaziltunich.com.mx\/storytelling\/#breadcrumb","itemListElement":[{"@type":"ListItem","position":1,"name":"Inicio","item":"https:\/\/zaziltunich.com.mx\/"},{"@type":"ListItem","position":2,"name":"Storytelling"}]},{"@type":"WebSite","@id":"https:\/\/zaziltunich.com.mx\/#website","url":"https:\/\/zaziltunich.com.mx\/","name":"Zazil Tunich - Cenote mas Premiado de Yucat\u00e1n","description":"Cenote en Valladolid, Zazil Tunich el \u00fanico Cenote Museo de M\u00e9xico y m\u00e1s premiado de Yucat\u00e1n, donde conocer\u00e1s la estalactita mas grande de Yucatan, una experiencia \u00fanica sin turismo masivo.","publisher":{"@id":"https:\/\/zaziltunich.com.mx\/#organization"},"potentialAction":[{"@type":"SearchAction","target":{"@type":"EntryPoint","urlTemplate":"https:\/\/zaziltunich.com.mx\/?s={search_term_string}"},"query-input":{"@type":"PropertyValueSpecification","valueRequired":true,"valueName":"search_term_string"}}],"inLanguage":"en-US"},{"@type":"Organization","@id":"https:\/\/zaziltunich.com.mx\/#organization","name":"Zazil Tunich - Cenote mas Premiado de Yucat\u00e1n","url":"https:\/\/zaziltunich.com.mx\/","logo":{"@type":"ImageObject","inLanguage":"en-US","@id":"https:\/\/zaziltunich.com.mx\/#\/schema\/logo\/image\/","url":"https:\/\/zaziltunich.com.mx\/wp-content\/uploads\/2024\/10\/logo-scaled.webp","contentUrl":"https:\/\/zaziltunich.com.mx\/wp-content\/uploads\/2024\/10\/logo-scaled.webp","width":2560,"height":2560,"caption":"Zazil Tunich - Cenote mas Premiado de Yucat\u00e1n"},"image":{"@id":"https:\/\/zaziltunich.com.mx\/#\/schema\/logo\/image\/"}}]}},"_links":{"self":[{"href":"https:\/\/zaziltunich.com.mx\/en\/wp-json\/wp\/v2\/pages\/40003"}],"collection":[{"href":"https:\/\/zaziltunich.com.mx\/en\/wp-json\/wp\/v2\/pages"}],"about":[{"href":"https:\/\/zaziltunich.com.mx\/en\/wp-json\/wp\/v2\/types\/page"}],"author":[{"embeddable":true,"href":"https:\/\/zaziltunich.com.mx\/en\/wp-json\/wp\/v2\/users\/1"}],"replies":[{"embeddable":true,"href":"https:\/\/zaziltunich.com.mx\/en\/wp-json\/wp\/v2\/comments?post=40003"}],"version-history":[{"count":13,"href":"https:\/\/zaziltunich.com.mx\/en\/wp-json\/wp\/v2\/pages\/40003\/revisions"}],"predecessor-version":[{"id":40035,"href":"https:\/\/zaziltunich.com.mx\/en\/wp-json\/wp\/v2\/pages\/40003\/revisions\/40035"}],"wp:attachment":[{"href":"https:\/\/zaziltunich.com.mx\/en\/wp-json\/wp\/v2\/media?parent=40003"}],"curies":[{"name":"wp","href":"https:\/\/api.w.org\/{rel}","templated":true}]}}